{"id":110,"date":"2025-09-05T03:29:19","date_gmt":"2025-09-05T03:29:19","guid":{"rendered":"https:\/\/wearebettertogethertherapy.com\/?page_id=110"},"modified":"2026-03-31T02:27:12","modified_gmt":"2026-03-31T02:27:12","slug":"about-us","status":"publish","type":"page","link":"https:\/\/wearebettertogethertherapy.com\/es\/about-us\/","title":{"rendered":"Acerca de"},"content":{"rendered":"<div class=\"wp-block-group alignfull is-style-section-4 zi-10 has-global-padding is-layout-constrained wp-container-core-group-is-layout-df8428a5 wp-block-group-is-layout-constrained is-style-section-4--1\" style=\"border-bottom-left-radius:40px;border-bottom-right-radius:40px;padding-top:0;padding-right:var(--wp--preset--spacing--30);padding-bottom:0;padding-left:var(--wp--preset--spacing--30)\">\n<div class=\"wp-block-columns alignwide is-layout-flex wp-container-core-columns-is-layout-2edd90cc wp-block-columns-is-layout-flex\" style=\"margin-top:0;margin-bottom:var(--wp--preset--spacing--80);padding-top:var(--wp--preset--spacing--60)\">\n<div class=\"wp-block-column is-vertically-aligned-bottom is-layout-flow wp-block-column-is-layout-flow\" style=\"padding-top:var(--wp--preset--spacing--50);padding-bottom:var(--wp--preset--spacing--50)\">\n<p class=\"has-base-color has-text-color has-link-color has-xx-large-font-size wp-elements-ffb40d1b14a1f3a054598d995fdbdf91\"><strong>Better Together: crecer, adaptarse, conectar<\/strong><\/p>\n\n\n\n<p class=\"has-base-color has-text-color has-link-color has-x-large-font-size wp-elements-fe9aede8615248f2c6fce262c29c68a0\">Terapia para crecer, adaptarte y conectar contigo misma o con tu pareja<\/p>\n<\/div>\n\n\n\n<div class=\"wp-block-column is-layout-flow wp-block-column-is-layout-flow\">\n<figure class=\"wp-block-image aligncenter size-full\" style=\"margin-bottom:-50px\"><img loading=\"lazy\" decoding=\"async\" width=\"428\" height=\"428\" src=\"http:\/\/wearebettertogethertherapy.com\/wp-content\/uploads\/2026\/03\/about-us.png\" alt=\"\" class=\"wp-image-269\" srcset=\"https:\/\/wearebettertogethertherapy.com\/wp-content\/uploads\/2026\/03\/about-us.png 428w, https:\/\/wearebettertogethertherapy.com\/wp-content\/uploads\/2026\/03\/about-us-300x300.png 300w, https:\/\/wearebettertogethertherapy.com\/wp-content\/uploads\/2026\/03\/about-us-150x150.png 150w, https:\/\/wearebettertogethertherapy.com\/wp-content\/uploads\/2026\/03\/about-us-12x12.png 12w\" sizes=\"auto, (max-width: 428px) 100vw, 428px\" \/><\/figure>\n<\/div>\n<\/div>\n<\/div>\n\n\n\n<div class=\"wp-block-group alignfull is-style-section-1 has-global-padding is-layout-constrained wp-block-group-is-layout-constrained is-style-section-1--2\" style=\"margin-top:-200px;padding-top:200px;padding-bottom:200px\">\n<h2 class=\"wp-block-heading has-text-align-center has-accent-3-color has-text-color has-link-color wp-elements-094637e73e4882759e7dc4e094e53cf7\">Nuestra filosof\u00eda<\/h2>\n\n\n\n<p class=\"has-text-align-center has-accent-4-color has-text-color has-link-color wp-elements-65e755bdf9033962e3f2e4207d8a9590 translation-block\">Creemos que los grandes cambios y las relaciones profundas no se viven en soledad. En Better Together estamos para acompa\u00f1arte, escucharte y ayudarte a encontrar calma, claridad y conexi\u00f3n en cada paso de tu camino<\/p>\n\n\n\n<div class=\"wp-block-group content-icons_phil is-horizontal is-content-justification-center is-layout-flex wp-container-core-group-is-layout-6505b492 wp-block-group-is-layout-flex\">\n<div class=\"wp-block-group is-vertical is-content-justification-center is-layout-flex wp-container-core-group-is-layout-ce155fab wp-block-group-is-layout-flex\">\n<div class=\"wp-block-font-awesome-icon wp-font-awesome-icon icon-circle has-accent-3-background-color has-background\" style=\"padding-top:var(--wp--preset--spacing--20);padding-right:var(--wp--preset--spacing--20);padding-bottom:var(--wp--preset--spacing--20);padding-left:var(--wp--preset--spacing--20)\"><svg aria-hidden=\"true\" focusable=\"false\" data-prefix=\"far\" data-icon=\"face-smile\" class=\"svg-inline--fa fa-face-smile\" role=\"img\" xmlns=\"http:\/\/www.w3.org\/2000\/svg\" viewbox=\"0 0 512 512\" style=\"font-size:2.5em\" color=\"#8cc63f\"><path fill=\"currentColor\" d=\"M464 256a208 208 0 1 0 -416 0 208 208 0 1 0 416 0zM0 256a256 256 0 1 1 512 0 256 256 0 1 1 -512 0zm177.3 63.4C192.3 335 218.4 352 256 352s63.7-17 78.7-32.6c9.2-9.6 24.4-9.9 33.9-.7s9.9 24.4 .7 33.9c-22.1 23-60 47.4-113.3 47.4s-91.2-24.4-113.3-47.4c-9.2-9.6-8.9-24.8 .7-33.9s24.8-8.9 33.9 .7zM144 208a32 32 0 1 1 64 0 32 32 0 1 1 -64 0zm192-32a32 32 0 1 1 0 64 32 32 0 1 1 0-64z\"><\/path><\/svg><\/div>\n\n\n\n<p class=\"has-text-align-center\"><strong>Bienestar<\/strong><\/p>\n<\/div>\n\n\n\n<div class=\"wp-block-group is-vertical is-content-justification-center is-layout-flex wp-container-core-group-is-layout-ce155fab wp-block-group-is-layout-flex\">\n<div class=\"wp-block-group is-nowrap is-layout-flex wp-container-core-group-is-layout-6c531013 wp-block-group-is-layout-flex\">\n<div class=\"wp-block-font-awesome-icon wp-font-awesome-icon icon-circle has-accent-3-background-color has-background\" style=\"margin-top:0;margin-bottom:0;padding-top:var(--wp--preset--spacing--20);padding-right:var(--wp--preset--spacing--20);padding-bottom:var(--wp--preset--spacing--20);padding-left:var(--wp--preset--spacing--20)\"><svg aria-hidden=\"true\" focusable=\"false\" data-prefix=\"fas\" data-icon=\"gift\" class=\"svg-inline--fa fa-gift\" role=\"img\" xmlns=\"http:\/\/www.w3.org\/2000\/svg\" viewbox=\"0 0 512 512\" style=\"font-size:2.5em\" color=\"#8cc63f\"><path fill=\"currentColor\" d=\"M321.5 68.8C329.1 55.9 342.9 48 357.8 48l2.2 0c22.1 0 40 17.9 40 40s-17.9 40-40 40l-73.3 0 34.8-59.2zm-131 0l34.8 59.2-73.3 0c-22.1 0-40-17.9-40-40s17.9-40 40-40l2.2 0c14.9 0 28.8 7.9 36.3 20.8zm89.6-24.3l-24.1 41-24.1-41C215.7 16.9 186.1 0 154.2 0L152 0c-48.6 0-88 39.4-88 88 0 14.4 3.5 28 9.6 40L32 128c-17.7 0-32 14.3-32 32l0 32c0 17.7 14.3 32 32 32l448 0c17.7 0 32-14.3 32-32l0-32c0-17.7-14.3-32-32-32l-41.6 0c6.1-12 9.6-25.6 9.6-40 0-48.6-39.4-88-88-88l-2.2 0c-31.9 0-61.5 16.9-77.7 44.4zM480 272l-200 0 0 208 136 0c35.3 0 64-28.7 64-64l0-144zm-248 0l-200 0 0 144c0 35.3 28.7 64 64 64l136 0 0-208z\"><\/path><\/svg><\/div>\n<\/div>\n\n\n\n<p class=\"has-text-align-center\"><strong>Cuidado<\/strong><\/p>\n<\/div>\n\n\n\n<div class=\"wp-block-group is-vertical is-content-justification-center is-layout-flex wp-container-core-group-is-layout-ce155fab wp-block-group-is-layout-flex\">\n<div class=\"wp-block-font-awesome-icon wp-font-awesome-icon icon-circle has-accent-3-background-color has-background\" style=\"padding-top:var(--wp--preset--spacing--20);padding-right:var(--wp--preset--spacing--20);padding-bottom:var(--wp--preset--spacing--20);padding-left:var(--wp--preset--spacing--20)\"><svg aria-hidden=\"true\" focusable=\"false\" data-prefix=\"far\" data-icon=\"heart\" class=\"svg-inline--fa fa-heart\" role=\"img\" xmlns=\"http:\/\/www.w3.org\/2000\/svg\" viewbox=\"0 0 512 512\" style=\"font-size:2.5em\" color=\"#8cc63f\"><path fill=\"currentColor\" d=\"M378.9 80c-27.3 0-53 13.1-69 35.2l-34.4 47.6c-4.5 6.2-11.7 9.9-19.4 9.9s-14.9-3.7-19.4-9.9l-34.4-47.6c-16-22.1-41.7-35.2-69-35.2-47 0-85.1 38.1-85.1 85.1 0 49.9 32 98.4 68.1 142.3 41.1 50 91.4 94 125.9 120.3 3.2 2.4 7.9 4.2 14 4.2s10.8-1.8 14-4.2c34.5-26.3 84.8-70.4 125.9-120.3 36.2-43.9 68.1-92.4 68.1-142.3 0-47-38.1-85.1-85.1-85.1zM271 87.1c25-34.6 65.2-55.1 107.9-55.1 73.5 0 133.1 59.6 133.1 133.1 0 68.6-42.9 128.9-79.1 172.8-44.1 53.6-97.3 100.1-133.8 127.9-12.3 9.4-27.5 14.1-43.1 14.1s-30.8-4.7-43.1-14.1C176.4 438 123.2 391.5 79.1 338 42.9 294.1 0 233.7 0 165.1 0 91.6 59.6 32 133.1 32 175.8 32 216 52.5 241 87.1l15 20.7 15-20.7z\"><\/path><\/svg><\/div>\n\n\n\n<p class=\"has-text-align-center\"><strong>Conexi\u00f3n<\/strong><\/p>\n<\/div>\n\n\n\n<div class=\"wp-block-group is-vertical is-content-justification-center is-layout-flex wp-container-core-group-is-layout-ce155fab wp-block-group-is-layout-flex\">\n<div class=\"wp-block-font-awesome-icon wp-font-awesome-icon icon-circle has-accent-3-background-color has-background\" style=\"padding-top:var(--wp--preset--spacing--20);padding-right:var(--wp--preset--spacing--20);padding-bottom:var(--wp--preset--spacing--20);padding-left:var(--wp--preset--spacing--20)\"><svg aria-hidden=\"true\" focusable=\"false\" data-prefix=\"fas\" data-icon=\"bolt\" class=\"svg-inline--fa fa-bolt\" role=\"img\" xmlns=\"http:\/\/www.w3.org\/2000\/svg\" viewbox=\"0 0 448 512\" style=\"font-size:2.5em\" color=\"#8cc63f\"><path fill=\"currentColor\" d=\"M338.8-9.9c11.9 8.6 16.3 24.2 10.9 37.8L271.3 224 416 224c13.5 0 25.5 8.4 30.1 21.1s.7 26.9-9.6 35.5l-288 240c-11.3 9.4-27.4 9.9-39.3 1.3s-16.3-24.2-10.9-37.8L176.7 288 32 288c-13.5 0-25.5-8.4-30.1-21.1s-.7-26.9 9.6-35.5l288-240c11.3-9.4 27.4-9.9 39.3-1.3z\"><\/path><\/svg><\/div>\n\n\n\n<p class=\"has-text-align-center\"><strong>Crecimiento<\/strong><\/p>\n<\/div>\n\n\n\n<div class=\"wp-block-group is-vertical is-content-justification-center is-layout-flex wp-container-core-group-is-layout-ce155fab wp-block-group-is-layout-flex\">\n<div class=\"wp-block-font-awesome-icon wp-font-awesome-icon icon-circle has-accent-3-background-color has-background\" style=\"padding-top:var(--wp--preset--spacing--20);padding-right:var(--wp--preset--spacing--20);padding-bottom:var(--wp--preset--spacing--20);padding-left:var(--wp--preset--spacing--20)\"><svg aria-hidden=\"true\" focusable=\"false\" data-prefix=\"fas\" data-icon=\"mug-hot\" class=\"svg-inline--fa fa-mug-hot\" role=\"img\" xmlns=\"http:\/\/www.w3.org\/2000\/svg\" viewbox=\"0 0 576 512\" style=\"font-size:2.5em\" color=\"#8cc63f\"><path fill=\"currentColor\" d=\"M152-16c-13.3 0-24 10.7-24 24 0 38.9 23.4 59.4 39.1 73.1l1.1 1c16.3 14.3 23.8 21.8 23.8 37.9 0 13.3 10.7 24 24 24s24-10.7 24-24c0-38.9-23.4-59.4-39.1-73.1l-1.1-1C183.5 31.7 176 24.1 176 8 176-5.3 165.3-16 152-16zM96 192c-17.7 0-32 14.3-32 32l0 192c0 53 43 96 96 96l192 0c41.8 0 77.4-26.7 90.5-64l5.5 0c70.7 0 128-57.3 128-128S518.7 192 448 192L96 192zM448 384l0-128c35.3 0 64 28.7 64 64s-28.7 64-64 64zM288 8c0-13.3-10.7-24-24-24S240-5.3 240 8c0 38.9 23.4 59.4 39.1 73.1l1.1 1c16.3 14.3 23.8 21.8 23.8 37.9 0 13.3 10.7 24 24 24s24-10.7 24-24c0-38.9-23.4-59.4-39.1-73.1l-1.1-1C295.5 31.7 288 24.1 288 8z\"><\/path><\/svg><\/div>\n\n\n\n<p class=\"has-text-align-center\"><strong>Apoyo<\/strong><\/p>\n<\/div>\n<\/div>\n<\/div>\n\n\n\n<div class=\"wp-block-columns alignwide is-layout-flex wp-container-core-columns-is-layout-28f84493 wp-block-columns-is-layout-flex\">\n<div class=\"wp-block-column is-layout-flow wp-block-column-is-layout-flow\">\n<h2 class=\"wp-block-heading has-accent-3-color has-text-color has-link-color wp-elements-3e4340f82e4f8966f3ae2c56c15e4545\">Sobre m\u00ed<\/h2>\n\n\n\n<p>Soy Ximena P\u00e9rez, terapeuta individual y de pareja, antrop\u00f3loga social y cultural, con un m\u00e1ster en sexolog\u00eda. En <strong>Better Together Therapy,&nbsp;<\/strong>acompa\u00f1o a personas y parejas en procesos de cambio, crecimiento y bienestar emocional.<\/p>\n\n\n\n<p>Ofrezco terapia individual a quienes est\u00e1n atravesando <strong>momentos de transici\u00f3n, como mudarse a otro pa\u00eds, comenzar la universidad o adaptarse a\nuna nueva ciudad.&nbsp;<\/strong> S\u00e9 lo que implica empezar desde cero: he vivido en cuatro pa\u00edses y hace m\u00e1s de diez a\u00f1os que resido sola en Europa,\nlejos de Guatemala, mi pa\u00eds natal.<\/p>\n\n\n\n<p>Conozco bien la soledad, el duelo migratorio y los desaf\u00edos de construir una nueva vida. Por eso, creo en un <strong>acompa\u00f1amiento terap\u00e9utico c\u00e1lido y seguro,&nbsp;<\/strong>donde puedas sentirte comprendida y fortalecida en tu proceso de adaptaci\u00f3n.<\/p>\n\n\n\n<h3 class=\"wp-block-heading has-contrast-color has-text-color has-link-color wp-elements-fb56f4b7fd9948a7c3922674f1f62a46\">El amor no se encuentra: se construye<\/h3>\n\n\n\n<p>Tambi\u00e9n trabajo con <strong>parejas que desean mejorar su v\u00ednculo,&nbsp;<\/strong>reconectar emocionalmente o atravesar una crisis. He desarrollado un programa propio, basado en la teor\u00eda del apego, que adapto seg\u00fan las din\u00e1micas y objetivos de cada pareja.<\/p>\n\n\n\n<p>Trabajo la comunicaci\u00f3n, los patrones relacionales y el afecto, <strong>promoviendo un amor sano, profundo y duradero.<\/strong><\/p>\n\n\n\n<p>Creo que el amor no se encuentra: <strong>se construye.&nbsp;<\/strong>Y se construye con compromiso, respeto, comunicaci\u00f3n y admiraci\u00f3n mutua.<\/p>\n\n\n\n<p>Ya sea que est\u00e9s viviendo un cambio personal o buscando fortalecer tu relaci\u00f3n,\nen Better Together&nbsp;<strong>estoy aqu\u00ed para acompa\u00f1arte.<\/strong><\/p>\n<\/div>\n\n\n\n<div class=\"wp-block-column is-layout-flow wp-block-column-is-layout-flow\">\n<figure class=\"wp-block-image size-full has-custom-border\"><img loading=\"lazy\" decoding=\"async\" width=\"600\" height=\"249\" src=\"http:\/\/wearebettertogethertherapy.com\/wp-content\/uploads\/2025\/10\/about-me-manos.jpg\" alt=\"\" class=\"wp-image-161\" style=\"border-radius:40px\" srcset=\"https:\/\/wearebettertogethertherapy.com\/wp-content\/uploads\/2025\/10\/about-me-manos.jpg 600w, https:\/\/wearebettertogethertherapy.com\/wp-content\/uploads\/2025\/10\/about-me-manos-300x125.jpg 300w, https:\/\/wearebettertogethertherapy.com\/wp-content\/uploads\/2025\/10\/about-me-manos-18x7.jpg 18w\" sizes=\"auto, (max-width: 600px) 100vw, 600px\" \/><\/figure>\n\n\n\n<figure class=\"wp-block-image size-full has-custom-border\"><img loading=\"lazy\" decoding=\"async\" width=\"600\" height=\"518\" src=\"http:\/\/wearebettertogethertherapy.com\/wp-content\/uploads\/2025\/09\/Image.png\" alt=\"About Better Together\" class=\"wp-image-15\" style=\"border-radius:40px\" srcset=\"https:\/\/wearebettertogethertherapy.com\/wp-content\/uploads\/2025\/09\/Image.png 600w, https:\/\/wearebettertogethertherapy.com\/wp-content\/uploads\/2025\/09\/Image-300x259.png 300w\" sizes=\"auto, (max-width: 600px) 100vw, 600px\" \/><\/figure>\n<\/div>\n<\/div>\n\n\n\n<p><\/p>\n\n\n\n<div class=\"wp-block-group alignfull has-global-padding is-layout-constrained wp-container-core-group-is-layout-3bba88f0 wp-block-group-is-layout-constrained has-background\" style=\"margin-top:var(--wp--preset--spacing--60);margin-bottom:0;padding-top:var(--wp--preset--spacing--80);padding-right:var(--wp--preset--spacing--30);padding-bottom:var(--wp--preset--spacing--80);padding-left:var(--wp--preset--spacing--30);background-image:url(&apos;http:\/\/wearebettertogethertherapy.com\/wp-content\/uploads\/2025\/09\/section-feeling.png&apos;);background-position:51% 78%;background-size:cover;\">\n<div class=\"wp-block-group alignwide has-base-background-color has-background is-vertical is-content-justification-center is-layout-flex wp-container-core-group-is-layout-af98d8f9 wp-block-group-is-layout-flex\" style=\"border-radius:40px;margin-top:var(--wp--preset--spacing--30);margin-bottom:var(--wp--preset--spacing--30);padding-top:var(--wp--preset--spacing--40);padding-right:var(--wp--preset--spacing--40);padding-bottom:var(--wp--preset--spacing--40);padding-left:var(--wp--preset--spacing--40)\">\n<p class=\"has-text-align-center has-accent-3-color has-text-color has-link-color has-x-large-font-size wp-elements-dad9fdcfb324576a00d81d38d83ca419\"><strong>Sentirse en casa empieza por dentro:<\/strong><br><strong>cuando te escuchas, te cuidas y te tratas con amor.<\/strong><\/p>\n\n\n\n<div class=\"wp-block-buttons is-layout-flex wp-block-buttons-is-layout-flex\">\n<div class=\"wp-block-button\"><a class=\"wp-block-button__link has-accent-3-background-color has-background wp-element-button\" href=\"https:\/\/api.whatsapp.com\/send\/?phone=31685610119&amp;text&amp;type=phone_number&amp;app_absent=0\">Cont\u00e1ctanos <i class=\"fa-regular fa-heart\"><\/i> <\/a><\/div>\n<\/div>\n<\/div>\n<\/div>\n\n\n\n<div style=\"height:54px\" aria-hidden=\"true\" class=\"wp-block-spacer\"><\/div>\n\n\n\n<h2 class=\"wp-block-heading has-text-align-center has-accent-3-color has-text-color has-link-color wp-elements-d83f8c6b894e90e81d84c284bb997d31\">Lo que comparten quienes me conocen<\/h2>\n\n\n\n<div class=\"wp-block-group alignwide banner-slick_simple has-global-padding is-layout-constrained wp-block-group-is-layout-constrained\" style=\"border-top-left-radius:40px;border-top-right-radius:40px;border-bottom-left-radius:40px;border-bottom-right-radius:40px\">\n<div class=\"wp-block-columns alignwide is-style-default has-accent-5-background-color has-background is-layout-flex wp-container-core-columns-is-layout-83d8d5f7 wp-block-columns-is-layout-flex\" style=\"border-radius:40px;padding-top:0;padding-right:0;padding-bottom:0;padding-left:0\">\n<div class=\"wp-block-column is-vertically-aligned-center is-layout-flow wp-block-column-is-layout-flow\" style=\"padding-top:var(--wp--preset--spacing--30);padding-right:var(--wp--preset--spacing--30);padding-bottom:var(--wp--preset--spacing--30);padding-left:var(--wp--preset--spacing--30)\">\n<h3 class=\"wp-block-heading\"><strong>Aut\u00e9ntico, humano y lleno de coraz\u00f3n.<\/strong><\/h3>\n\n\n\n<p class=\"has-accent-4-color has-text-color has-link-color wp-elements-042e9d4a36ce0d342121d3d3f0ab5522\">Ximena tiene un don natural para acompa\u00f1ar a otros en sus procesos, ya sean de alegr\u00eda,\ndolor, duda o transformaci\u00f3n, y lo hace con sensibilidad y entrega que pocas veces se\nencuentran. Su manera de estar, de realmente estar, es algo que deja huella. Si est\u00e1s\nbuscando un acompa\u00f1amiento aut\u00e9ntico y transformador, est\u00e1s en el lugar correcto con ella.<\/p>\n\n\n\n<p>Lizeth Ovalle (Colombia)<\/p>\n<\/div>\n\n\n\n<div class=\"wp-block-column is-layout-flow wp-block-column-is-layout-flow\" style=\"flex-basis:35%\">\n<figure class=\"wp-block-image size-full has-custom-border\"><img loading=\"lazy\" decoding=\"async\" width=\"449\" height=\"359\" src=\"http:\/\/wearebettertogethertherapy.com\/wp-content\/uploads\/2026\/03\/Authentic-human-and-heartfelt.png\" alt=\"\" class=\"wp-image-264\" style=\"border-top-right-radius:40px;border-bottom-right-radius:40px;aspect-ratio:1;object-fit:cover\" srcset=\"https:\/\/wearebettertogethertherapy.com\/wp-content\/uploads\/2026\/03\/Authentic-human-and-heartfelt.png 449w, https:\/\/wearebettertogethertherapy.com\/wp-content\/uploads\/2026\/03\/Authentic-human-and-heartfelt-300x240.png 300w, https:\/\/wearebettertogethertherapy.com\/wp-content\/uploads\/2026\/03\/Authentic-human-and-heartfelt-15x12.png 15w\" sizes=\"auto, (max-width: 449px) 100vw, 449px\" \/><\/figure>\n<\/div>\n<\/div>\n\n\n\n<div class=\"wp-block-columns alignwide is-style-default has-accent-5-background-color has-background is-layout-flex wp-container-core-columns-is-layout-83d8d5f7 wp-block-columns-is-layout-flex\" style=\"border-radius:40px;padding-top:0;padding-right:0;padding-bottom:0;padding-left:0\">\n<div class=\"wp-block-column is-vertically-aligned-center is-layout-flow wp-block-column-is-layout-flow\" style=\"padding-top:var(--wp--preset--spacing--30);padding-right:var(--wp--preset--spacing--30);padding-bottom:var(--wp--preset--spacing--30);padding-left:var(--wp--preset--spacing--30)\">\n<h3 class=\"wp-block-heading\"><strong>Don natural para acompa\u00f1ar<\/strong><\/h3>\n\n\n\n<p class=\"has-accent-4-color has-text-color has-link-color wp-elements-bf461b832fd8fdb5e5f1affafaf52640\">Ximena tiene un don natural para acompa\u00f1ar a otros en sus procesos, ya sean de alegr\u00eda,\ndolor, duda o transformaci\u00f3n, y lo hace con sensibilidad y entrega que pocas veces se\nencuentran. Su manera de estar, de realmente estar, es algo que deja huella. Si est\u00e1s\nbuscando un acompa\u00f1amiento aut\u00e9ntico y transformador, est\u00e1s en el lugar correcto con ella.<\/p>\n\n\n\n<p>Paulina El\u00edas (Canad\u00e1)<\/p>\n<\/div>\n\n\n\n<div class=\"wp-block-column is-layout-flow wp-block-column-is-layout-flow\" style=\"flex-basis:35%\">\n<figure class=\"wp-block-image size-full has-custom-border\"><img loading=\"lazy\" decoding=\"async\" width=\"1600\" height=\"1068\" src=\"https:\/\/wearebettertogethertherapy.com\/wp-content\/uploads\/2025\/11\/WhatsApp-Image-2026-03-03-at-14.02.15.jpeg\" alt=\"\" class=\"wp-image-277\" style=\"border-top-right-radius:40px;border-bottom-right-radius:40px;aspect-ratio:1;object-fit:cover\" srcset=\"https:\/\/wearebettertogethertherapy.com\/wp-content\/uploads\/2025\/11\/WhatsApp-Image-2026-03-03-at-14.02.15.jpeg 1600w, https:\/\/wearebettertogethertherapy.com\/wp-content\/uploads\/2025\/11\/WhatsApp-Image-2026-03-03-at-14.02.15-300x200.jpeg 300w, https:\/\/wearebettertogethertherapy.com\/wp-content\/uploads\/2025\/11\/WhatsApp-Image-2026-03-03-at-14.02.15-1024x684.jpeg 1024w, https:\/\/wearebettertogethertherapy.com\/wp-content\/uploads\/2025\/11\/WhatsApp-Image-2026-03-03-at-14.02.15-768x513.jpeg 768w, https:\/\/wearebettertogethertherapy.com\/wp-content\/uploads\/2025\/11\/WhatsApp-Image-2026-03-03-at-14.02.15-1536x1025.jpeg 1536w, https:\/\/wearebettertogethertherapy.com\/wp-content\/uploads\/2025\/11\/WhatsApp-Image-2026-03-03-at-14.02.15-18x12.jpeg 18w\" sizes=\"auto, (max-width: 1600px) 100vw, 1600px\" \/><\/figure>\n<\/div>\n<\/div>\n\n\n\n<div class=\"wp-block-columns alignwide is-style-default has-accent-5-background-color has-background is-layout-flex wp-container-core-columns-is-layout-83d8d5f7 wp-block-columns-is-layout-flex\" style=\"border-radius:40px;padding-top:0;padding-right:0;padding-bottom:0;padding-left:0\">\n<div class=\"wp-block-column is-vertically-aligned-center is-layout-flow wp-block-column-is-layout-flow\" style=\"padding-top:var(--wp--preset--spacing--30);padding-right:var(--wp--preset--spacing--30);padding-bottom:var(--wp--preset--spacing--30);padding-left:var(--wp--preset--spacing--30)\">\n<h3 class=\"wp-block-heading\"><strong>Aut\u00e9ntico, humano y lleno de coraz\u00f3n.<\/strong><\/h3>\n\n\n\n<p class=\"has-accent-4-color has-text-color has-link-color wp-elements-d31a212daa3ae928079b7a1427c1cd5b\">Siempre que necesito hablar con alguien, Ximena es la primera persona que viene a mi mente. Me hace sentir seguro y verdaderamente escuchado, haciendo preguntas reflexivas que me ayudan a entenderme mejor. Algo que valoro especialmente de nuestras conversaciones es su capacidad de escuchar activamente mientras sostiene un espacio sin juicios. Tiene una presencia tranquila y afectuosa que hace que sea f\u00e1cil abrirse.<\/p>\n\n\n\n<p>Rodrigo Arriaza (Guatemala)<\/p>\n<\/div>\n\n\n\n<div class=\"wp-block-column is-layout-flow wp-block-column-is-layout-flow\" style=\"flex-basis:35%\">\n<figure class=\"wp-block-image size-full has-custom-border\"><img loading=\"lazy\" decoding=\"async\" width=\"449\" height=\"359\" src=\"http:\/\/wearebettertogethertherapy.com\/wp-content\/uploads\/2025\/11\/banner-2.png\" alt=\"\" class=\"wp-image-171\" style=\"border-top-right-radius:40px;border-bottom-right-radius:40px;aspect-ratio:1;object-fit:cover\" srcset=\"https:\/\/wearebettertogethertherapy.com\/wp-content\/uploads\/2025\/11\/banner-2.png 449w, https:\/\/wearebettertogethertherapy.com\/wp-content\/uploads\/2025\/11\/banner-2-300x240.png 300w, https:\/\/wearebettertogethertherapy.com\/wp-content\/uploads\/2025\/11\/banner-2-15x12.png 15w\" sizes=\"auto, (max-width: 449px) 100vw, 449px\" \/><\/figure>\n<\/div>\n<\/div>\n\n\n\n<div class=\"wp-block-columns alignwide is-style-default has-accent-5-background-color has-background is-layout-flex wp-container-core-columns-is-layout-83d8d5f7 wp-block-columns-is-layout-flex\" style=\"border-radius:40px;padding-top:0;padding-right:0;padding-bottom:0;padding-left:0\">\n<div class=\"wp-block-column is-vertically-aligned-center is-layout-flow wp-block-column-is-layout-flow\" style=\"padding-top:var(--wp--preset--spacing--30);padding-right:var(--wp--preset--spacing--30);padding-bottom:var(--wp--preset--spacing--30);padding-left:var(--wp--preset--spacing--30)\">\n<h3 class=\"wp-block-heading\"><strong>Inter\u00e9s genuino por los dem\u00e1s<\/strong><\/h3>\n\n\n\n<p class=\"has-accent-4-color has-text-color has-link-color wp-elements-0fee2c0b83e2381d6c23330bd54806cb\">Conozco a Ximena desde hace varios a\u00f1os y, durante todo este tiempo, siempre he admirado su creatividad, su pasi\u00f3n y su personalidad tan amigable. Aborda todo lo que hace con curiosidad y un  inter\u00e9s genuino por los dem\u00e1s. <br>La recomiendo ampliamente.<\/p>\n\n\n\n<p>Valeria Rigalt (Guatemala)<\/p>\n<\/div>\n\n\n\n<div class=\"wp-block-column is-layout-flow wp-block-column-is-layout-flow\" style=\"flex-basis:35%\">\n<figure class=\"wp-block-image size-full has-custom-border\"><img loading=\"lazy\" decoding=\"async\" width=\"449\" height=\"359\" src=\"http:\/\/wearebettertogethertherapy.com\/wp-content\/uploads\/2026\/02\/banner-rodrigo-arriaza.png\" alt=\"\" class=\"wp-image-248\" style=\"border-top-right-radius:40px;border-bottom-right-radius:40px;aspect-ratio:1;object-fit:cover\" srcset=\"https:\/\/wearebettertogethertherapy.com\/wp-content\/uploads\/2026\/02\/banner-rodrigo-arriaza.png 449w, https:\/\/wearebettertogethertherapy.com\/wp-content\/uploads\/2026\/02\/banner-rodrigo-arriaza-300x240.png 300w, https:\/\/wearebettertogethertherapy.com\/wp-content\/uploads\/2026\/02\/banner-rodrigo-arriaza-15x12.png 15w\" sizes=\"auto, (max-width: 449px) 100vw, 449px\" \/><\/figure>\n<\/div>\n<\/div>\n<\/div>","protected":false},"excerpt":{"rendered":"<p>Better Together: grow, adapt, connect Individual and couples therapy for new beginnings. Our philosophy We believe that great changes and deep relationships don&#8217;t happen alone. \u2028At Better Together, we&#8217;re here to support you, listen, and help you find calm, clarity, and connection every step of the way. Well-being Care Connection Growth Support About Me I\u2019m [&hellip;]<\/p>","protected":false},"author":1,"featured_media":0,"parent":0,"menu_order":0,"comment_status":"closed","ping_status":"closed","template":"","meta":{"footnotes":""},"class_list":["post-110","page","type-page","status-publish","hentry"],"_links":{"self":[{"href":"https:\/\/wearebettertogethertherapy.com\/es\/wp-json\/wp\/v2\/pages\/110","targetHints":{"allow":["GET"]}}],"collection":[{"href":"https:\/\/wearebettertogethertherapy.com\/es\/wp-json\/wp\/v2\/pages"}],"about":[{"href":"https:\/\/wearebettertogethertherapy.com\/es\/wp-json\/wp\/v2\/types\/page"}],"author":[{"embeddable":true,"href":"https:\/\/wearebettertogethertherapy.com\/es\/wp-json\/wp\/v2\/users\/1"}],"replies":[{"embeddable":true,"href":"https:\/\/wearebettertogethertherapy.com\/es\/wp-json\/wp\/v2\/comments?post=110"}],"version-history":[{"count":32,"href":"https:\/\/wearebettertogethertherapy.com\/es\/wp-json\/wp\/v2\/pages\/110\/revisions"}],"predecessor-version":[{"id":296,"href":"https:\/\/wearebettertogethertherapy.com\/es\/wp-json\/wp\/v2\/pages\/110\/revisions\/296"}],"wp:attachment":[{"href":"https:\/\/wearebettertogethertherapy.com\/es\/wp-json\/wp\/v2\/media?parent=110"}],"curies":[{"name":"wp","href":"https:\/\/api.w.org\/{rel}","templated":true}]}}